{"id":2064,"date":"2023-05-17T11:29:23","date_gmt":"2023-05-17T09:29:23","guid":{"rendered":"https:\/\/www.associazionesara.it\/?page_id=2064"},"modified":"2023-05-17T13:27:39","modified_gmt":"2023-05-17T11:27:39","slug":"nola","status":"publish","type":"page","link":"https:\/\/www.associazionesara.it\/index.php\/nola\/","title":{"rendered":"Nola"},"content":{"rendered":"\t\t<div data-elementor-type=\"wp-page\" data-elementor-id=\"2064\" class=\"elementor elementor-2064\">\n\t\t\t\t\t\t<section class=\"elementor-section elementor-top-section elementor-element elementor-element-5cd478e9 elementor-section-boxed elementor-section-height-default elementor-section-height-default\" data-id=\"5cd478e9\" data-element_type=\"section\">\n\t\t\t\t\t\t<div class=\"elementor-container elementor-column-gap-default\">\n\t\t\t\t\t<div class=\"elementor-column elementor-col-100 elementor-top-column elementor-element elementor-element-12b10e6e\" data-id=\"12b10e6e\" data-element_type=\"column\">\n\t\t\t<div class=\"elementor-widget-wrap elementor-element-populated\">\n\t\t\t\t\t\t<div class=\"elementor-element elementor-element-324ac83 elementor-widget elementor-widget-image\" data-id=\"324ac83\" data-element_type=\"widget\" data-widget_type=\"image.default\">\n\t\t\t\t<div class=\"elementor-widget-container\">\n\t\t\t\t\t\t\t\t\t\t\t\t\t<img fetchpriority=\"high\" decoding=\"async\" width=\"300\" height=\"300\" src=\"https:\/\/www.associazionesara.it\/wp-content\/uploads\/2023\/05\/5930-300x300.jpg\" class=\"attachment-medium size-medium wp-image-2110\" alt=\"\" srcset=\"https:\/\/www.associazionesara.it\/wp-content\/uploads\/2023\/05\/5930-300x300.jpg 300w, https:\/\/www.associazionesara.it\/wp-content\/uploads\/2023\/05\/5930-1024x1024.jpg 1024w, https:\/\/www.associazionesara.it\/wp-content\/uploads\/2023\/05\/5930-150x150.jpg 150w, https:\/\/www.associazionesara.it\/wp-content\/uploads\/2023\/05\/5930-768x768.jpg 768w, https:\/\/www.associazionesara.it\/wp-content\/uploads\/2023\/05\/5930-1536x1536.jpg 1536w, https:\/\/www.associazionesara.it\/wp-content\/uploads\/2023\/05\/5930-2048x2048.jpg 2048w, https:\/\/www.associazionesara.it\/wp-content\/uploads\/2023\/05\/5930-460x460.jpg 460w, https:\/\/www.associazionesara.it\/wp-content\/uploads\/2023\/05\/5930-560x560.jpg 560w, https:\/\/www.associazionesara.it\/wp-content\/uploads\/2023\/05\/5930-104x104.jpg 104w, https:\/\/www.associazionesara.it\/wp-content\/uploads\/2023\/05\/5930-260x260.jpg 260w, https:\/\/www.associazionesara.it\/wp-content\/uploads\/2023\/05\/5930-78x78.jpg 78w, https:\/\/www.associazionesara.it\/wp-content\/uploads\/2023\/05\/5930-400x400.jpg 400w, https:\/\/www.associazionesara.it\/wp-content\/uploads\/2023\/05\/5930-900x900.jpg 900w, https:\/\/www.associazionesara.it\/wp-content\/uploads\/2023\/05\/5930-675x675.jpg 675w, https:\/\/www.associazionesara.it\/wp-content\/uploads\/2023\/05\/5930-286x286.jpg 286w, https:\/\/www.associazionesara.it\/wp-content\/uploads\/2023\/05\/5930-450x450.jpg 450w, https:\/\/www.associazionesara.it\/wp-content\/uploads\/2023\/05\/5930-1080x1080.jpg 1080w\" sizes=\"(max-width: 300px) 100vw, 300px\" \/>\t\t\t\t\t\t\t\t\t\t\t\t\t<\/div>\n\t\t\t\t<\/div>\n\t\t\t\t<div class=\"elementor-element elementor-element-4503062d elementor-widget elementor-widget-text-editor\" data-id=\"4503062d\" data-element_type=\"widget\" data-widget_type=\"text-editor.default\">\n\t\t\t\t<div class=\"elementor-widget-container\">\n\t\t\t\t\t\t\t<!-- wp:paragraph -->\n<p style=\"text-align: justify;\">Nola, situata nella regione Campania in Italia, \u00e8 una citt\u00e0 ricca di storia, cultura e attrazioni affascinanti. Fondata dagli antichi sanniti, ha attraversato diverse epoche, influenze culturali e sviluppi urbani nel corso dei secoli. Questa ricerca esplorer\u00e0 la storia di Nola, la sua cultura unica e le principali attrazioni che attirano visitatori da tutto il mondo. La storia di Nola risale a tempi antichi, quando era abitata dagli indigeni sanniti. Nel III secolo a.C., fu conquistata dai romani e divenne un importante centro amministrativo e commerciale. Durante l&#8217;Impero Romano, Nola prosper\u00f2 grazie alla sua posizione strategica lungo la Via Appia e alla produzione di ceramiche finemente decorate. Nel corso dei secoli, la citt\u00e0 ha subito dominazioni da parte di vari regni, come quello longobardo e quello normanno, lasciando tracce nella sua architettura e nella sua cultura.<\/p>\n<!-- \/wp:paragraph --><!-- wp:paragraph -->\n<p style=\"text-align: justify;\">La cultura di Nola \u00e8 una fusione affascinante di tradizioni antiche e influenze moderne. La citt\u00e0 \u00e8 famosa per la sua musica popolare, con la celebre festa dei Gigli che si tiene a giugno, durante la quale enormi strutture di legno a forma di gigli vengono portate in processione per le vie della citt\u00e0. Questa tradizione secolare rappresenta un momento di grande gioia e partecipazione per gli abitanti di Nola e richiama numerosi visitatori ogni anno. Inoltre, Nola vanta una vivace scena culinaria, con specialit\u00e0 gastronomiche locali come la pizza fritta e i dolci tipici come i pastiera e i struffoli.<\/p>\n<!-- \/wp:paragraph --><!-- wp:paragraph -->\n<p style=\"text-align: justify;\">Nola offre una serie di attrazioni che affascinano i visitatori. Uno dei punti di interesse principali \u00e8 il Museo Archeologico di Nola, che ospita una vasta collezione di reperti archeologici romani e sanniti. Tra le sue opere pi\u00f9 famose vi \u00e8 la celebre &#8220;Testa di Apollo&#8221;, una scultura in bronzo raffigurante la testa del dio Apollo. Un&#8217;altra attrazione significativa \u00e8 la Basilica Cattedrale di Nola, un&#8217;imponente chiesa medievale che conserva affreschi e opere d&#8217;arte di grande valore storico e artistico.<\/p>\n<!-- \/wp:paragraph --><!-- wp:paragraph -->\n<p style=\"text-align: justify;\">Nola \u00e8 anche circondata da importanti siti archeologici, come l&#8217;antica citt\u00e0 di Pompei e l&#8217;Ercolano, entrambi facilmente raggiungibili in auto o con i mezzi pubblici. Questi siti offrono un&#8217;opportunit\u00e0 unica di immergersi nella storia dell&#8217;antica Roma e di scoprire le tragiche vicende dell&#8217;eruzione del Vesuvio nel 79 d.C.<\/p>\n<!-- \/wp:paragraph -->\t\t\t\t\t\t<\/div>\n\t\t\t\t<\/div>\n\t\t\t\t\t<\/div>\n\t\t<\/div>\n\t\t\t\t\t<\/div>\n\t\t<\/section>\n\t\t\t\t<section class=\"elementor-section elementor-top-section elementor-element elementor-element-6720893 elementor-section-boxed elementor-section-height-default elementor-section-height-default\" data-id=\"6720893\" data-element_type=\"section\">\n\t\t\t\t\t\t<div class=\"elementor-container elementor-column-gap-default\">\n\t\t\t\t\t<div class=\"elementor-column elementor-col-100 elementor-top-column elementor-element elementor-element-9a1a27d\" data-id=\"9a1a27d\" data-element_type=\"column\">\n\t\t\t<div class=\"elementor-widget-wrap\">\n\t\t\t\t\t\t\t<\/div>\n\t\t<\/div>\n\t\t\t\t\t<\/div>\n\t\t<\/section>\n\t\t\t\t<section class=\"elementor-section elementor-top-section elementor-element elementor-element-22effdb elementor-section-boxed elementor-section-height-default elementor-section-height-default\" data-id=\"22effdb\" data-element_type=\"section\">\n\t\t\t\t\t\t<div class=\"elementor-container elementor-column-gap-default\">\n\t\t\t\t\t<div class=\"elementor-column elementor-col-100 elementor-top-column elementor-element elementor-element-e7a115f\" data-id=\"e7a115f\" data-element_type=\"column\">\n\t\t\t<div class=\"elementor-widget-wrap elementor-element-populated\">\n\t\t\t\t\t\t<div class=\"elementor-element elementor-element-47972ca elementor-arrows-position-outside elementor-widget elementor-widget-image-carousel\" data-id=\"47972ca\" data-element_type=\"widget\" data-settings=\"{&quot;slides_to_show&quot;:&quot;3&quot;,&quot;navigation&quot;:&quot;arrows&quot;,&quot;image_spacing_custom&quot;:{&quot;unit&quot;:&quot;px&quot;,&quot;size&quot;:59,&quot;sizes&quot;:[]},&quot;autoplay&quot;:&quot;yes&quot;,&quot;pause_on_hover&quot;:&quot;yes&quot;,&quot;pause_on_interaction&quot;:&quot;yes&quot;,&quot;autoplay_speed&quot;:5000,&quot;infinite&quot;:&quot;yes&quot;,&quot;speed&quot;:500,&quot;image_spacing_custom_tablet&quot;:{&quot;unit&quot;:&quot;px&quot;,&quot;size&quot;:&quot;&quot;,&quot;sizes&quot;:[]},&quot;image_spacing_custom_mobile&quot;:{&quot;unit&quot;:&quot;px&quot;,&quot;size&quot;:&quot;&quot;,&quot;sizes&quot;:[]}}\" data-widget_type=\"image-carousel.default\">\n\t\t\t\t<div class=\"elementor-widget-container\">\n\t\t\t\t\t<div class=\"elementor-image-carousel-wrapper swiper-container\" dir=\"ltr\">\n\t\t\t<div class=\"elementor-image-carousel swiper-wrapper\" aria-live=\"off\">\n\t\t\t\t\t\t\t\t<div class=\"swiper-slide\" role=\"group\" aria-roledescription=\"slide\" aria-label=\"1 di 3\"><figure class=\"swiper-slide-inner\"><img decoding=\"async\" class=\"swiper-slide-image\" src=\"https:\/\/www.associazionesara.it\/wp-content\/uploads\/2023\/05\/piazza-in-festa-dei-gigli-460x460.jpg\" alt=\"piazza-in-festa-dei-gigli\" \/><\/figure><\/div><div class=\"swiper-slide\" role=\"group\" aria-roledescription=\"slide\" aria-label=\"2 di 3\"><figure class=\"swiper-slide-inner\"><img decoding=\"async\" class=\"swiper-slide-image\" src=\"https:\/\/www.associazionesara.it\/wp-content\/uploads\/2023\/05\/Nola_Duomo_Church-460x460.jpg\" alt=\"Nola_Duomo_Church\" \/><\/figure><\/div><div class=\"swiper-slide\" role=\"group\" aria-roledescription=\"slide\" aria-label=\"3 di 3\"><figure class=\"swiper-slide-inner\"><img decoding=\"async\" class=\"swiper-slide-image\" src=\"https:\/\/www.associazionesara.it\/wp-content\/uploads\/2023\/05\/FB_IMG_1599292913721-460x460.jpg\" alt=\"FB_IMG_1599292913721\" \/><\/figure><\/div>\t\t\t<\/div>\n\t\t\t\t\t\t\t\t\t\t\t\t<div class=\"elementor-swiper-button elementor-swiper-button-prev\" role=\"button\" tabindex=\"0\">\n\t\t\t\t\t\t<i aria-hidden=\"true\" class=\"eicon-chevron-left\"><\/i>\t\t\t\t\t<\/div>\n\t\t\t\t\t<div class=\"elementor-swiper-button elementor-swiper-button-next\" role=\"button\" tabindex=\"0\">\n\t\t\t\t\t\t<i aria-hidden=\"true\" class=\"eicon-chevron-right\"><\/i>\t\t\t\t\t<\/div>\n\t\t\t\t\n\t\t\t\t\t\t\t\t\t<\/div>\n\t\t\t\t<\/div>\n\t\t\t\t<\/div>\n\t\t\t\t\t<\/div>\n\t\t<\/div>\n\t\t\t\t\t<\/div>\n\t\t<\/section>\n\t\t\t\t<section class=\"elementor-section elementor-top-section elementor-element elementor-element-153cca9 elementor-section-boxed elementor-section-height-default elementor-section-height-default\" data-id=\"153cca9\" data-element_type=\"section\">\n\t\t\t\t\t\t<div class=\"elementor-container elementor-column-gap-default\">\n\t\t\t\t\t<div class=\"elementor-column elementor-col-100 elementor-top-column elementor-element elementor-element-5b38a11\" data-id=\"5b38a11\" data-element_type=\"column\">\n\t\t\t<div class=\"elementor-widget-wrap elementor-element-populated\">\n\t\t\t\t\t\t<div class=\"elementor-element elementor-element-78c1ad1 elementor-align-center elementor-widget elementor-widget-button\" data-id=\"78c1ad1\" data-element_type=\"widget\" data-widget_type=\"button.default\">\n\t\t\t\t<div class=\"elementor-widget-container\">\n\t\t\t\t\t<div class=\"elementor-button-wrapper\">\n\t\t\t<a class=\"elementor-button elementor-button-link elementor-size-sm\" href=\"https:\/\/www.associazionesara.it\/index.php\/hyria-municipium\/#\">\n\t\t\t\t\t\t<span class=\"elementor-button-content-wrapper\">\n\t\t\t\t\t\t<span class=\"elementor-button-icon elementor-align-icon-left\">\n\t\t\t\t<i aria-hidden=\"true\" class=\"fas fa-home\"><\/i>\t\t\t<\/span>\n\t\t\t\t\t\t<span class=\"elementor-button-text\">Home<\/span>\n\t\t<\/span>\n\t\t\t\t\t<\/a>\n\t\t<\/div>\n\t\t\t\t<\/div>\n\t\t\t\t<\/div>\n\t\t\t\t\t<\/div>\n\t\t<\/div>\n\t\t\t\t\t<\/div>\n\t\t<\/section>\n\t\t\t\t<\/div>\n\t\t","protected":false},"excerpt":{"rendered":"<p>Nola, situata nella regione Campania in Italia, \u00e8 una citt\u00e0 ricca di storia, cultura e attrazioni affascinanti. Fondata dagli antichi sanniti, ha attraversato diverse epoche, influenze culturali e sviluppi urbani nel corso dei secoli. Questa ricerca esplorer\u00e0 la storia di Nola, la sua cultura unica e le principali attrazioni che attirano visitatori da tutto il &hellip;<\/p>\n","protected":false},"author":1,"featured_media":0,"parent":0,"menu_order":0,"comment_status":"closed","ping_status":"closed","template":"","meta":{"_uf_show_specific_survey":0,"_uf_disable_surveys":false},"_links":{"self":[{"href":"https:\/\/www.associazionesara.it\/index.php\/wp-json\/wp\/v2\/pages\/2064"}],"collection":[{"href":"https:\/\/www.associazionesara.it\/index.php\/wp-json\/wp\/v2\/pages"}],"about":[{"href":"https:\/\/www.associazionesara.it\/index.php\/wp-json\/wp\/v2\/types\/page"}],"author":[{"embeddable":true,"href":"https:\/\/www.associazionesara.it\/index.php\/wp-json\/wp\/v2\/users\/1"}],"replies":[{"embeddable":true,"href":"https:\/\/www.associazionesara.it\/index.php\/wp-json\/wp\/v2\/comments?post=2064"}],"version-history":[{"count":87,"href":"https:\/\/www.associazionesara.it\/index.php\/wp-json\/wp\/v2\/pages\/2064\/revisions"}],"predecessor-version":[{"id":2164,"href":"https:\/\/www.associazionesara.it\/index.php\/wp-json\/wp\/v2\/pages\/2064\/revisions\/2164"}],"wp:attachment":[{"href":"https:\/\/www.associazionesara.it\/index.php\/wp-json\/wp\/v2\/media?parent=2064"}],"curies":[{"name":"wp","href":"https:\/\/api.w.org\/{rel}","templated":true}]}}