{"id":44,"date":"2016-09-01T16:35:33","date_gmt":"2016-09-01T14:35:33","guid":{"rendered":"http:\/\/www.associazionesara.it\/?page_id=44"},"modified":"2023-03-08T17:23:54","modified_gmt":"2023-03-08T16:23:54","slug":"sofia","status":"publish","type":"page","link":"https:\/\/www.associazionesara.it\/index.php\/sofia\/","title":{"rendered":"Sofia"},"content":{"rendered":"<p><img fetchpriority=\"high\" decoding=\"async\" width=\"300\" height=\"300\" src=\"https:\/\/www.associazionesara.it\/public\/wp-content\/uploads\/2016\/09\/sara-marchio-1-1-300x300.png\" alt=\"sara-marchio (1)\" srcset=\"https:\/\/www.associazionesara.it\/public\/wp-content\/uploads\/2016\/09\/sara-marchio-1-1-300x300.png 300w, https:\/\/www.associazionesara.it\/public\/wp-content\/uploads\/2016\/09\/sara-marchio-1-1-150x150.png 150w, https:\/\/www.associazionesara.it\/public\/wp-content\/uploads\/2016\/09\/sara-marchio-1-1-180x180.png 180w, https:\/\/www.associazionesara.it\/public\/wp-content\/uploads\/2016\/09\/sara-marchio-1-1-600x600.png 600w, https:\/\/www.associazionesara.it\/public\/wp-content\/uploads\/2016\/09\/sara-marchio-1-1-460x460.png 460w, https:\/\/www.associazionesara.it\/public\/wp-content\/uploads\/2016\/09\/sara-marchio-1-1-560x560.png 560w, https:\/\/www.associazionesara.it\/public\/wp-content\/uploads\/2016\/09\/sara-marchio-1-1-104x104.png 104w, https:\/\/www.associazionesara.it\/public\/wp-content\/uploads\/2016\/09\/sara-marchio-1-1-260x260.png 260w, https:\/\/www.associazionesara.it\/public\/wp-content\/uploads\/2016\/09\/sara-marchio-1-1-78x78.png 78w, https:\/\/www.associazionesara.it\/public\/wp-content\/uploads\/2016\/09\/sara-marchio-1-1-400x400.png 400w, https:\/\/www.associazionesara.it\/public\/wp-content\/uploads\/2016\/09\/sara-marchio-1-1-675x675.png 675w, https:\/\/www.associazionesara.it\/public\/wp-content\/uploads\/2016\/09\/sara-marchio-1-1-286x286.png 286w, https:\/\/www.associazionesara.it\/public\/wp-content\/uploads\/2016\/09\/sara-marchio-1-1-450x450.png 450w, https:\/\/www.associazionesara.it\/public\/wp-content\/uploads\/2016\/09\/sara-marchio-1-1.png 760w\" sizes=\"(max-width: 300px) 100vw, 300px\"><br \/>\nSkill Security Card<\/p>\n<p>Il progetto ha l\u2019obiettivo di promuovere un sistema di certificazione dei processi formativi relativi al rispetto del D. Lvo 81\/08 e successive modifiche sostenendo lo sviluppo delle conoscenze inerenti la sicurezza sui luoghi di lavoro non pi\u00f9 vista come centro di costo da parte delle aziende, ma come opportunit\u00e0 per crescere in termini di professionalit\u00e0 e qualit\u00e0 del lavoro.<\/p>\n<p style=\"font-variant-ligatures: normal; font-variant-caps: normal; orphans: 2; text-align: start; widows: 2; -webkit-text-stroke-width: 0px; text-decoration-style: initial; text-decoration-color: initial; word-spacing: 0px;\">Il pubblico al quale il progetto si rivolge \u00e8 costituito sia da individui (professionisti, docenti delle scuole e dell\u2019universit\u00e0, studenti), sia da enti (Aziende, Pubblica Amministrazione, enti di formazione pubblici e privati).&nbsp; La crescente pervasivit\u00e0 dei concetti legati alla sicurezza sui luoghi di lavoro ed alle mutate condizioni di conoscenza delle imprese e dei lavoratori, si traduce nel bisogno di conoscere ed approfondire un tema che pu\u00f2 incidere drasticamente sulla qualit\u00e0 degli ambienti di lavoro: \u00e8 un principio che vale per tutti, tanto per coloro che fanno della sicurezza la propria professione, quanto per le aziende ed i loro lavoratori. Sviluppare conoscenza e competenza nel rispetto delle attivit\u00e0 legate alla sicurezza sui luoghi di lavoro diviene fondamentale non solo nel mondo del lavoro ma anche in quello degli studi e della ricerca. Infatti solo attraverso processi innovativi di devoluzione dei sistemi di apprendimento si pu\u00f2 fare in modo tale da responsabilizzare le aziende ed i lavoratori: tale devoluzione, inoltre, oltre che a penetrare in maniera sistemica nel territorio, ha lo scopo di attribuire certificazioni tanto alle aziende quanto ai lavoratori basandosi sul principio dell\u2019imparzialit\u00e0 e dell\u2019uniformit\u00e0.<\/p>\n<p>\t\t\t\t\t\t\t\t\t\t\t\tL&#8217;ASSOCIAZIONE S.A.R.A. e il Progetto S.O.F.I.A.<\/p>\n<p>Recenti statistiche curate dall\u2019 Agenzia europea per la sicurezza e la salute sul lavoro EU-OSHA hanno messo in evidenza come all\u2019interno dell\u2019UE i giovani di et\u00e0 compresa tra i 18 e i 24 anni hanno almeno il 50% di probabilit\u00e0 in pi\u00f9 di subire un infortunio sul lavoro e maggiori probabilit\u00e0 di contrarre una malattia professionale rispetto ai lavoratori con pi\u00f9 esperienza alle spalle. Inesperti e poco familiari con il luogo di lavoro, talvolta ancora immaturi dal punto di vista sia fisico sia psicologico,&nbsp;i giovani non possiedono un bagaglio di esperienze sufficiente per capire i rischi precisi cui sono esposti in conseguenza dall\u2019attivit\u00e0 che stanno svolgendo e non sempre hanno il coraggio di parlare con qualcuno se hanno un problema.<\/p>\n<p style=\"font-variant-ligatures: normal; font-variant-caps: normal; orphans: 2; text-align: start; widows: 2; -webkit-text-stroke-width: 0px; text-decoration-style: initial; text-decoration-color: initial; word-spacing: 0px;\">Datori di lavoro, educatori, professionisti della salute e della sicurezza, responsabili delle politiche: tutti abbiamo il dovere di assicurare salute e sicurezza ai giovani lavoratori.<\/p>\n<p style=\"font-variant-ligatures: normal; font-variant-caps: normal; orphans: 2; text-align: start; widows: 2; -webkit-text-stroke-width: 0px; text-decoration-style: initial; text-decoration-color: initial; word-spacing: 0px;\">\n<p style=\"font-variant-ligatures: normal; font-variant-caps: normal; orphans: 2; text-align: start; widows: 2; -webkit-text-stroke-width: 0px; text-decoration-style: initial; text-decoration-color: initial; word-spacing: 0px;\">L\u2019Associazione S.A.R.A., da sempre vicina alle problematiche dell\u2019occupazione giovanile, intende affrontare la sfida della formazione nelle scuole dal punto di vista dell\u2019innovazione delle forme di partecipazione delle periferie alla governance, partendo dalla scala locale dal momento che essa appare un terreno di sperimentazione privilegiato per la caratteristica prossimit\u00e0 fra la localizzazione centrale e la possibilit\u00e0 di un controllo ravvicinato sui processi decisionali e i loro effetti.<\/p>\n<p style=\"font-variant-ligatures: normal; font-variant-caps: normal; orphans: 2; text-align: start; widows: 2; -webkit-text-stroke-width: 0px; text-decoration-style: initial; text-decoration-color: initial; word-spacing: 0px;\">La finalit\u00e0 prevista dal Sistema dell\u2019Istruzione del secondo ciclo attraverso l\u2019alternanza scuola lavoro \u00e8 quella di motivare e orientare i futuri giovani occupati e far acquisire loro competenze spendibili nel mondo del lavoro, valutate all\u2019interno delle scelte educative della scuola, i fabbisogni professionali delle imprese del territorio, le personali esigenze formative degli studenti.<\/p>\n<p>Destinatari<\/p>\n<p>Gli studenti delle classi quarte e quinte degli Istituti Scolastici Professionali e tecnici<\/p>\n<p>OBIETTIVO GENERALE<\/p>\n<p>Contribuire diffondere la cultura del miglioramento delle condizioni di lavoro con una&nbsp; azione precisa e puntuale di formazione e di informazione che possa avvicinare lo studente al mondo del lavoro.<\/p>\n<p>OBIETTIVO SPECIFICO<\/p>\n<ul>\n<li>Acquisire elementi di conoscenza relativi alla normativa generale e specifica in terna di igiene e sicurezza del lavoro, sui criteri e strumenti per la ricerca delle leggi e norme tecniche riferite a problemi specifici.<\/li>\n<li>Acquisire elementi di conoscenza relativi ai vari soggetti del sistema di prevenzione aziendale, ai loro compiti, alle loro responsabilit\u00e0 e alle funzioni svolte dai vari Enti preposti alla tutela della salute dei lavoratori.<\/li>\n<li>Acquisire elementi di conoscenza in particolar modo per gli aspetti normativi, relativi ai rischi e ai danni da lavoro, alle misure di prevenzione per eliminarli o ridurli, ai criteri metodologici per la valutazione dei rischi, ai contenuti del documento di valutazione dei rischi, alla gestione delle emergenze.<\/li>\n<li>Acquisire elementi di conoscenza relativi alle modalit\u00e0 con cui organizzare e gestire un Sistema di Prevenzione aziendale.<\/li>\n<li>Acquisire le norme generali di sicurezza per i lavoratori,<\/li>\n<li>Diffondere a cultura della legalit\u00e0, della cittadinanza attiva, della salute e sicurezza sul lavoro e della responsabilit\u00e0 civile e sociale.<\/li>\n<\/ul>\n<p>SKILL CARD<\/p>\n<p>L\u2019Associazione S.A.R.A. intende introdurre un concetto innovativo legato alla patente Campana della Sicurezza attraverso la concertazione e la strutturazione di una consulta regionale che ricopra il ruolo strategico della ricerca e dello sviluppo di metodologie formative oltre che di sistemi allargati di federazione di partner privati ed istituzionali. L\u2019obiettivo finale \u00e8 quello di assegnare agli studenti delle classi quarte e quinte degli Istituti Professionali e Tecnici una Patente Campana della Sicurezza che attesti la presenza dei requisiti minimi di conoscenza dei termini, delle norme, dei metodi e dei processi utilizzati nel mondo della Sicurezza.<\/p>\n<p>L\u2019individuazione di processi innovativi di cooperazione strutturata tra l\u2019Associazione ed i decisori politici diviene fondamentale per la realizzazione di protocolli di intesa atti a realizzare percorsi istituzionalmente riconosciuti. Poich\u00e9 il concetto di apprendimento e di certificazione delle competenze inizia solo ora ad emergere, coloro che stanno intraprendendo qualsiasi sviluppo strategico in questo settore si vedono confrontati a una serie di limitazioni:<\/p>\n<p>un sistema sottosviluppato di conoscenze in materia di politiche innovative di diffusione della cultura della sicurezza;<\/p>\n<p>un settore complesso e multidimensionale inerente i processi di uniformit\u00e0 delle asseverazioni in merito al quale esistono poche ricerche o relazioni;<\/p>\n<p>l\u2019assenza di fonti prontamente accessibili che indichino le migliori prassi (per esempio, in materia di corsi di studio, formazione dei docenti, valutazione, accreditamento).<\/p>\n<p>Il progetto intende creare un nuovo e pi\u00f9 efficace processo di certificazione delle competenze nell\u2019ambito della sicurezza sui luoghi di lavoro. Le aziende potranno disporre di un sistema sicuro e controllato della formazione agli studenti che potrebbero iniziare a frequentare i luoghi di lavoro anche in rispetto della normativa sul D.lgs 81\/08. Inoltre \u00e8 fondamentale la considerazione e l\u2019analisi che va fatta per un progetto che inevitabilmente completa la catena del valore nel momento in cui nelle diverse Regioni d\u2019Italia ed in Campania si parla di alternanza scuola \u2013 lavoro.<\/p>\n<p>Il carattere qualitativo del progetto consente di determinare la platea di soggetti certificatori sulla sicurezza sul lavoro non abilitati e disporre di un sistema univoco ed affidabile di formazione e certificazione. Inoltre sarebbe interessante poter pensare ad una declinazione specifica delle attivit\u00e0 di formazione ed informazione rivolta non solo ai lavoratori ma agli studenti. L\u2019affidabilit\u00e0 dei processi di erogazione del servizio, la tracciabilit\u00e0 della certificazione, facilita il ruolo delle autorit\u00e0 di controllo dando vita ad un sistema virtuoso nel campo della sicurezza e prevenzione sui luoghi di lavori.<\/p>\n<p>Nel corso della realizzazione del progetto ci si ispira agli elencati principi guida:<\/p>\n<p>Orientamento all\u2019utente. Implica che tutta l\u2019azione dei processi, deve essere orientata a capire le esigenze degli utenti che fruiranno di tale sistema innovativo.<\/p>\n<p>Approccio per processi. Le attivit\u00e0 saranno scomposte o aggregate per processi per facilitarne la descrizione, la comprensione, il controllo e il miglioramento.<\/p>\n<p>Approccio sistemico. Identificare, capire, gestire\/controllare e migliorare i vari processi deve essere visto come un unico sistema che serve all\u2019efficacia e all\u2019efficienza dell\u2019organizzazione.<\/p>\n<p>Miglioramento continuo. Una volta raggiunta la qualit\u00e0 costante (raggiungimento sistematico degli obiettivi e soddisfacimento dei requisiti), allora occorre spostare in avanti i requisiti, rendendoli pi\u00f9 stringenti e\/o (sempre a qualit\u00e0 costante) diminuire i costi.<\/p>\n<p>Decisioni basate sui dati. Questo principio implica l\u2019esistenza di processi di raccolta e documentazione su dati oggettivi, in particolare sull\u2019utente che \u00e8 spesso sconosciuto quantitati-vamente.<\/p>\n","protected":false},"excerpt":{"rendered":"<p>Skill Security Card Il progetto ha l\u2019obiettivo di promuovere un sistema di certificazione dei processi formativi relativi al rispetto del D. Lvo 81\/08 e successive modifiche sostenendo lo sviluppo delle conoscenze inerenti la sicurezza sui luoghi di lavoro non pi\u00f9 vista come centro di costo da parte delle aziende, ma come opportunit\u00e0 per crescere in &hellip;<\/p>\n","protected":false},"author":1,"featured_media":0,"parent":0,"menu_order":0,"comment_status":"closed","ping_status":"closed","template":"","meta":{"_uf_show_specific_survey":0,"_uf_disable_surveys":false},"_links":{"self":[{"href":"https:\/\/www.associazionesara.it\/index.php\/wp-json\/wp\/v2\/pages\/44"}],"collection":[{"href":"https:\/\/www.associazionesara.it\/index.php\/wp-json\/wp\/v2\/pages"}],"about":[{"href":"https:\/\/www.associazionesara.it\/index.php\/wp-json\/wp\/v2\/types\/page"}],"author":[{"embeddable":true,"href":"https:\/\/www.associazionesara.it\/index.php\/wp-json\/wp\/v2\/users\/1"}],"replies":[{"embeddable":true,"href":"https:\/\/www.associazionesara.it\/index.php\/wp-json\/wp\/v2\/comments?post=44"}],"version-history":[{"count":17,"href":"https:\/\/www.associazionesara.it\/index.php\/wp-json\/wp\/v2\/pages\/44\/revisions"}],"predecessor-version":[{"id":1937,"href":"https:\/\/www.associazionesara.it\/index.php\/wp-json\/wp\/v2\/pages\/44\/revisions\/1937"}],"wp:attachment":[{"href":"https:\/\/www.associazionesara.it\/index.php\/wp-json\/wp\/v2\/media?parent=44"}],"curies":[{"name":"wp","href":"https:\/\/api.w.org\/{rel}","templated":true}]}}