{"id":62,"date":"2016-09-01T16:36:58","date_gmt":"2016-09-01T14:36:58","guid":{"rendered":"http:\/\/www.associazionesara.it\/?page_id=62"},"modified":"2018-02-06T18:15:49","modified_gmt":"2018-02-06T17:15:49","slug":"bilancio-partecipativo","status":"publish","type":"page","link":"https:\/\/www.associazionesara.it\/index.php\/bilancio-partecipativo\/","title":{"rendered":"Bilancio Partecipativo"},"content":{"rendered":"<section class=\"wpb-content-wrapper\"><p>[vc_row][vc_column][vc_single_image image=&#8221;1157&#8243; img_size=&#8221;&#8221; alignment=&#8221;center&#8221; style=&#8221;vc_box_outline&#8221;][vc_column_text]<\/p>\n<p style=\"text-align: justify;\">Il Bilancio partecipato o partecipativo \u00e8 una forma di partecipazione diretta dei cittadini alla vita politica della propria citt\u00e0, consistente nell\u2019assegnare una quota di bilancio dell\u2019Ente locale alla gestione diretta dei cittadini, che vengono cos\u00ec messi in grado di interagire e dialogare con le scelte delle Amministrazioni per modificare a proprio beneficio. In Italia, il Bilancio partecipativo ha visto una decisa diffusione, soprattutto nei comuni dell\u2019Italia centrale, a partire dalla fine degli anni 90. In molte realt\u00e0 locali per\u00f2, il Bilancio partecipativo \u00e8 stato spesso anticipato o sostituito dal Bilancio sociale, che pur favorendo il contributo dei cittadini, ne limita la concreta incisivit\u00e0 poich\u00e9 spesso \u00e8 presentato a consuntivo. La buona riuscita di questo strumento, infatti, spesso necessita di una certa stabilit\u00e0 politico-amministrativa e di una volont\u00e0 di coinvolgimento che va ben oltre gli attori politici.<\/p>\n<p>[\/vc_column_text][\/vc_column][\/vc_row][vc_row][vc_column][vc_btn title=&#8221;Il Progetto&#8221; style=&#8221;3d&#8221; align=&#8221;right&#8221; link=&#8221;url:http%3A%2F%2Fwww.associazionesara.it%2Findex.php%2Fil-progetto%2F|||&#8221;][\/vc_column][\/vc_row]<\/p>\n<\/section>","protected":false},"excerpt":{"rendered":"<p>[vc_row][vc_column][vc_single_image image=&#8221;1157&#8243; img_size=&#8221;&#8221; alignment=&#8221;center&#8221; style=&#8221;vc_box_outline&#8221;][vc_column_text] Il Bilancio partecipato o partecipativo \u00e8 una forma di partecipazione diretta dei cittadini alla vita politica della propria citt\u00e0, consistente nell\u2019assegnare una quota di bilancio dell\u2019Ente locale alla gestione diretta dei cittadini, che vengono cos\u00ec messi in grado di interagire e dialogare con le scelte delle Amministrazioni per modificare a &hellip;<\/p>\n","protected":false},"author":1,"featured_media":0,"parent":0,"menu_order":0,"comment_status":"closed","ping_status":"closed","template":"","meta":{"_uf_show_specific_survey":0,"_uf_disable_surveys":false},"_links":{"self":[{"href":"https:\/\/www.associazionesara.it\/index.php\/wp-json\/wp\/v2\/pages\/62"}],"collection":[{"href":"https:\/\/www.associazionesara.it\/index.php\/wp-json\/wp\/v2\/pages"}],"about":[{"href":"https:\/\/www.associazionesara.it\/index.php\/wp-json\/wp\/v2\/types\/page"}],"author":[{"embeddable":true,"href":"https:\/\/www.associazionesara.it\/index.php\/wp-json\/wp\/v2\/users\/1"}],"replies":[{"embeddable":true,"href":"https:\/\/www.associazionesara.it\/index.php\/wp-json\/wp\/v2\/comments?post=62"}],"version-history":[{"count":9,"href":"https:\/\/www.associazionesara.it\/index.php\/wp-json\/wp\/v2\/pages\/62\/revisions"}],"predecessor-version":[{"id":1298,"href":"https:\/\/www.associazionesara.it\/index.php\/wp-json\/wp\/v2\/pages\/62\/revisions\/1298"}],"wp:attachment":[{"href":"https:\/\/www.associazionesara.it\/index.php\/wp-json\/wp\/v2\/media?parent=62"}],"curies":[{"name":"wp","href":"https:\/\/api.w.org\/{rel}","templated":true}]}}