{"id":74,"date":"2016-09-01T16:37:58","date_gmt":"2016-09-01T14:37:58","guid":{"rendered":"http:\/\/www.associazionesara.it\/?page_id=74"},"modified":"2018-02-07T16:34:34","modified_gmt":"2018-02-07T15:34:34","slug":"relazione","status":"publish","type":"page","link":"https:\/\/www.associazionesara.it\/index.php\/relazione\/","title":{"rendered":"Relazione"},"content":{"rendered":"<section class=\"wpb-content-wrapper\"><p>[vc_row][vc_column][vc_single_image image=&#8221;1311&#8243; img_size=&#8221;700&#215;400&#8243; alignment=&#8221;center&#8221;][vc_column_text]<\/p>\n<p style=\"text-align: justify;\">L\u2019<a href=\"http:\/\/www.associazionesara.it\/\">associazione Sara<\/a> ha affrontato la sfida della formazione nelle scuole dal punto di vista dell\u2019innovazione delle forme di partecipazione delle periferie alla governance, partendo dalla scala locale dal momento che essa appare un terreno di sperimentazione privilegiato per la caratteristica prossimit\u00e0 fra la localizzazione centrale e la possibilit\u00e0 di un controllo ravvicinato sui processi decisionali e i loro effetti. Il pubblico al quale <a href=\"http:\/\/www.associazionesara.it\/\">Associazione Sara<\/a> si \u00e8 rivolto \u00e8 costituito sia da professionisti, docenti delle scuole, sia da enti, aziende, pubblica amministrazione. <a href=\"http:\/\/www.associazionesara.it\/\">Associazione Sara<\/a> ha realizzato questo progetto di condivisione della conoscenza mediante l\u2019utilizzo di multi-piattaforme. La conoscenza che si \u00e8 intesa condividere \u00e8 stata quella destinata alle opportunit\u00e0 di inserimento nel mondo del lavoro da parte dei giovani inclusi, i ragazzi frequentanti le classi quinte degli Istituti superiori della citt\u00e0. L\u2019informazione \u00e8 stata erogata in maniera critica e non di parte affinch\u00e8 ciascuno dei ragazzi abbia potuto avere un quadro specifico delle opportunit\u00e0, dei tempi e delle eventuali criticit\u00e0.<\/p>\n<p>[\/vc_column_text][\/vc_column][\/vc_row][vc_row][vc_column][\/vc_column][\/vc_row][vc_row][vc_column][vc_btn title=&#8221;Smiles&#8221; style=&#8221;3d&#8221; align=&#8221;right&#8221; link=&#8221;url:http%3A%2F%2Fwww.associazionesara.it%2Findex.php%2Fsmiles%2F|||&#8221;][\/vc_column][\/vc_row]<\/p>\n<\/section>","protected":false},"excerpt":{"rendered":"<p>[vc_row][vc_column][vc_single_image image=&#8221;1311&#8243; img_size=&#8221;700&#215;400&#8243; alignment=&#8221;center&#8221;][vc_column_text] L\u2019associazione Sara ha affrontato la sfida della formazione nelle scuole dal punto di vista dell\u2019innovazione delle forme di partecipazione delle periferie alla governance, partendo dalla scala locale dal momento che essa appare un terreno di sperimentazione privilegiato per la caratteristica prossimit\u00e0 fra la localizzazione centrale e la possibilit\u00e0 di un controllo &hellip;<\/p>\n","protected":false},"author":1,"featured_media":0,"parent":0,"menu_order":0,"comment_status":"closed","ping_status":"closed","template":"","meta":{"_uf_show_specific_survey":0,"_uf_disable_surveys":false},"_links":{"self":[{"href":"https:\/\/www.associazionesara.it\/index.php\/wp-json\/wp\/v2\/pages\/74"}],"collection":[{"href":"https:\/\/www.associazionesara.it\/index.php\/wp-json\/wp\/v2\/pages"}],"about":[{"href":"https:\/\/www.associazionesara.it\/index.php\/wp-json\/wp\/v2\/types\/page"}],"author":[{"embeddable":true,"href":"https:\/\/www.associazionesara.it\/index.php\/wp-json\/wp\/v2\/users\/1"}],"replies":[{"embeddable":true,"href":"https:\/\/www.associazionesara.it\/index.php\/wp-json\/wp\/v2\/comments?post=74"}],"version-history":[{"count":7,"href":"https:\/\/www.associazionesara.it\/index.php\/wp-json\/wp\/v2\/pages\/74\/revisions"}],"predecessor-version":[{"id":1313,"href":"https:\/\/www.associazionesara.it\/index.php\/wp-json\/wp\/v2\/pages\/74\/revisions\/1313"}],"wp:attachment":[{"href":"https:\/\/www.associazionesara.it\/index.php\/wp-json\/wp\/v2\/media?parent=74"}],"curies":[{"name":"wp","href":"https:\/\/api.w.org\/{rel}","templated":true}]}}