{"id":820,"date":"2016-12-21T12:11:46","date_gmt":"2016-12-21T11:11:46","guid":{"rendered":"http:\/\/www.associazionesara.it\/?page_id=820"},"modified":"2018-02-08T13:12:59","modified_gmt":"2018-02-08T12:12:59","slug":"calendario-eventi","status":"publish","type":"page","link":"https:\/\/www.associazionesara.it\/index.php\/calendario-eventi\/","title":{"rendered":"Calendario Eventi"},"content":{"rendered":"<div id=\"wpcontent\">\n<div id=\"wpbody\">\n<div id=\"wpbody-content\" tabindex=\"0\">\n<div id=\"dp_options\" class=\"wrap\">\n<div id=\"dp_ui_content\">\n<div id=\"rightSide\">\n<div id=\"menu_general_settings\">\n<div class=\"wrapper\">\n<div class=\"submit\">\n<table id=\"sort-table\" class=\"widefat\" cellspacing=\"0\" cellpadding=\"0\">\n<tbody>\n<tr id=\"1\">\n<td width=\"20%\">\r\n\t\t\t\t<div class=\"dp_pec_wrapper dp_pec_calendar_1 dp_pec_monthly\" id=\"dp_pec_id784738607\" style=\"width: 100% \" >\r\n\t\t\t\t<div class=\"dp_pec_nav dp_pec_nav_monthly\" >\r\n\t\t\t\t\t<span class=\"next_month\"><strong>Il prossimo mese<\/strong> &raquo;<\/span>\r\n\t\t\t\t\t<span class=\"prev_month\">&laquo; <strong>prev Mese<\/strong><\/span>\r\n\t\t\t\t\t<!--<span class=\"actual_month\"><a class=\"pec_switch_month\" href=\"javascript:void(0);\">maggio<\/a> <a class=\"pec_switch_year\" href=\"javascript:void(0);\">2026<\/a><\/span>-->\r\n\t\t\t\t\t<select class=\"pec_switch_month\">\r\n\t\t\t\t\t\t\r\n\t\t\t\t\t\t\t\t<option value=\"gennaio\" >gennaio<\/option>\r\n\t\t\t\t\t\t\t\t<option value=\"febbraio\" >febbraio<\/option>\r\n\t\t\t\t\t\t\t\t<option value=\"marzo\" >marzo<\/option>\r\n\t\t\t\t\t\t\t\t<option value=\"aprile\" >aprile<\/option>\r\n\t\t\t\t\t\t\t\t<option value=\"maggio\" selected=\"selected\">maggio<\/option>\r\n\t\t\t\t\t\t\t\t<option value=\"giugno\" >giugno<\/option>\r\n\t\t\t\t\t\t\t\t<option value=\"luglio\" >luglio<\/option>\r\n\t\t\t\t\t\t\t\t<option value=\"agosto\" >agosto<\/option>\r\n\t\t\t\t\t\t\t\t<option value=\"settembre\" >settembre<\/option>\r\n\t\t\t\t\t\t\t\t<option value=\"ottobre\" >ottobre<\/option>\r\n\t\t\t\t\t\t\t\t<option value=\"novembre\" >novembre<\/option>\r\n\t\t\t\t\t\t\t\t<option value=\"dicembre\" >dicembre<\/option>\r\n\t\t\t\t\t<\/select>\r\n\t\t\t\t\t<select class=\"pec_switch_year\">\r\n\t\t\t\t\t\t\r\n\t\t\t\t\t\t\t\t<option value=\"2024\" >2024<\/option>\r\n\t\t\t\t\t\t\t\t<option value=\"2025\" >2025<\/option>\r\n\t\t\t\t\t\t\t\t<option value=\"2026\" selected=\"selected\">2026<\/option>\r\n\t\t\t\t\t\t\t\t<option value=\"2027\" >2027<\/option>\r\n\t\t\t\t\t\t\t\t<option value=\"2028\" >2028<\/option>\r\n\t\t\t\t\t\t\t\t<option value=\"2029\" >2029<\/option>\r\n\t\t\t\t\t<\/select>\r\n\t\t\t\t\t<div class=\"dp_pec_clear\"><\/div>\r\n\t\t\t\t<\/div>\r\n\t\t\t\r\n\t\t\t\t<div class=\"dp_pec_nav dp_pec_nav_daily\" style='display:none;'>\r\n\t\t\t\t\t<span class=\"next_day\"><strong>Giorno Successivo<\/strong> &raquo;<\/span>\r\n\t\t\t\t\t<span class=\"prev_day\">&laquo; <strong>prev Giorno<\/strong><\/span>\r\n\t\t\t\t\t<span class=\"actual_day\">17 Maggio 2026<\/span>\r\n\t\t\t\t\t<div class=\"dp_pec_clear\"><\/div>\r\n\t\t\t\t<\/div>\r\n\t\t\t\r\n\t\t\t\t<div class=\"dp_pec_layout\">\r\n\t\t\t\t\t<a href=\"javascript:void(0);\" class=\"dp_pec_references dp_pec_btnleft\">Riferimenti<\/a>\r\n\t\t\t\t\t<div class=\"dp_pec_references_div\">\r\n\t\t\t\t\t\t<a href=\"javascript:void(0);\" class=\"dp_pec_references_close\">x<\/a>\r\n\t\t\t\t\t\t<div class=\"dp_pec_references_div_sp\">\r\n\t\t\t\t\t\t\t<div class=\"dp_pec_references_color\" style=\"background-color: #e61919\"><\/div>\r\n\t\t\t\t\t\t\t<div class=\"dp_pec_references_title\">Data odierna<\/div>\r\n\t\t\t\t\t\t\t<div style=\"clear:both;\"><\/div>\r\n\t\t\t\t\t\t<\/div>\r\n\t\t\t\t\t\t<\/div>\r\n\t\t\t\t\t<a href=\"javascript:void(0);\" class=\"dp_pec_view_all dp_pec_btnleft\">Visualizza tutti gli eventi<\/a>\r\n\t\t\t\t\t\t<select name=\"pec_categories\" class=\"pec_categories_list\">\r\n\t\t\t\t\t\t\t<option value=\"\">tutte le categorie<\/option><option value=\"88\">Formazione<\/option>\r\n\t\t\t\t\t\t<\/select>\r\n\t\t\t\t\t\t\r\n\t\t\t\t\t\t<form method=\"post\" class=\"dp_pec_search_form\">\r\n\t\t\t\t\t\t\t<input type=\"text\" class=\"dp_pec_search\" value=\"\" placeholder=\"cerca\">\r\n\t\t\t\t\t\t\t<input type=\"submit\" class=\"no-replace dp_pec_search_go\" value=\"\">\r\n\t\t\t\t\t\t<\/form>\r\n\t\t\t\t\t\t<div style=\"clear:both;\"><\/div>\r\n\t\t\t\t\t<\/div>\r\n\t\t\t\t\t\r\n\t\t\t\t<div style=\"clear:both;\"><\/div>\r\n\t\t\t\t\r\n\t\t\t\t<div class=\"dp_pec_content\">\r\n\t\t\t\t\t\r\n\t\t\t\t\t <div class=\"dp_pec_dayname\">\r\n\t\t\t\t\t\t\t<span>Domenica<\/span>\r\n\t\t\t\t\t <\/div>\r\n\t\t\t\t\t <div class=\"dp_pec_dayname\">\r\n\t\t\t\t\t\t\t<span>Lunedi<\/span>\r\n\t\t\t\t\t <\/div>\r\n\t\t\t\t\t <div class=\"dp_pec_dayname\">\r\n\t\t\t\t\t\t\t<span>marted\u00ec<\/span>\r\n\t\t\t\t\t <\/div>\r\n\t\t\t\t\t <div class=\"dp_pec_dayname\">\r\n\t\t\t\t\t\t\t<span>mercoled\u00ec<\/span>\r\n\t\t\t\t\t <\/div>\r\n\t\t\t\t\t <div class=\"dp_pec_dayname\">\r\n\t\t\t\t\t\t\t<span>giovedi<\/span>\r\n\t\t\t\t\t <\/div>\r\n\t\t\t\t\t <div class=\"dp_pec_dayname\">\r\n\t\t\t\t\t\t\t<span>Venerd\u00ec<\/span>\r\n\t\t\t\t\t <\/div>\r\n\t\t\t\t\t <div class=\"dp_pec_dayname\">\r\n\t\t\t\t\t\t\t<span>Sabato<\/span>\r\n\t\t\t\t\t <\/div>\r\n\t\t\t\t\t \r\n\t\t\t\t\t\t\t<div class=\"dp_pec_date disabled first-child\">\r\n\t\t\t\t\t\t\t\t<div class=\"dp_date_head\"><span>26<\/span><\/div>\r\n\t\t\t\t\t\t\t<\/div>\r\n\t\t\t\t\t\t\t<div class=\"dp_pec_date disabled \">\r\n\t\t\t\t\t\t\t\t<div class=\"dp_date_head\"><span>27<\/span><\/div>\r\n\t\t\t\t\t\t\t<\/div>\r\n\t\t\t\t\t\t\t<div class=\"dp_pec_date disabled \">\r\n\t\t\t\t\t\t\t\t<div class=\"dp_date_head\"><span>28<\/span><\/div>\r\n\t\t\t\t\t\t\t<\/div>\r\n\t\t\t\t\t\t\t<div class=\"dp_pec_date disabled \">\r\n\t\t\t\t\t\t\t\t<div class=\"dp_date_head\"><span>29<\/span><\/div>\r\n\t\t\t\t\t\t\t<\/div>\r\n\t\t\t\t\t\t\t<div class=\"dp_pec_date disabled \">\r\n\t\t\t\t\t\t\t\t<div class=\"dp_date_head\"><span>30<\/span><\/div>\r\n\t\t\t\t\t\t\t<\/div>\r\n\t\t\t\t\t\t<div class=\"dp_pec_date \" data-dppec-date=\"2026-05-01\" >\r\n\t\t\t\t\t\t\t<div class=\"dp_date_head\"><span>1<\/span><\/div>\r\n\t\t\t\t\t\t\t\r\n\t\t\t\t\t\t\t\r\n\t\t\t\t\t\t<\/div>\r\n\t\t\t\t\t\t<div class=\"dp_pec_date \" data-dppec-date=\"2026-05-02\" >\r\n\t\t\t\t\t\t\t<div class=\"dp_date_head\"><span>2<\/span><\/div>\r\n\t\t\t\t\t\t\t\r\n\t\t\t\t\t\t\t\r\n\t\t\t\t\t\t<\/div>\r\n\t\t\t\t\t\t<div class=\"dp_pec_date first-child\" data-dppec-date=\"2026-05-03\" >\r\n\t\t\t\t\t\t\t<div class=\"dp_date_head\"><span>3<\/span><\/div>\r\n\t\t\t\t\t\t\t\r\n\t\t\t\t\t\t\t\r\n\t\t\t\t\t\t<\/div>\r\n\t\t\t\t\t\t<div class=\"dp_pec_date \" data-dppec-date=\"2026-05-04\" >\r\n\t\t\t\t\t\t\t<div class=\"dp_date_head\"><span>4<\/span><\/div>\r\n\t\t\t\t\t\t\t\r\n\t\t\t\t\t\t\t\r\n\t\t\t\t\t\t<\/div>\r\n\t\t\t\t\t\t<div class=\"dp_pec_date \" data-dppec-date=\"2026-05-05\" >\r\n\t\t\t\t\t\t\t<div class=\"dp_date_head\"><span>5<\/span><\/div>\r\n\t\t\t\t\t\t\t\r\n\t\t\t\t\t\t\t\r\n\t\t\t\t\t\t<\/div>\r\n\t\t\t\t\t\t<div class=\"dp_pec_date \" data-dppec-date=\"2026-05-06\" >\r\n\t\t\t\t\t\t\t<div class=\"dp_date_head\"><span>6<\/span><\/div>\r\n\t\t\t\t\t\t\t\r\n\t\t\t\t\t\t\t\r\n\t\t\t\t\t\t<\/div>\r\n\t\t\t\t\t\t<div class=\"dp_pec_date \" data-dppec-date=\"2026-05-07\" >\r\n\t\t\t\t\t\t\t<div class=\"dp_date_head\"><span>7<\/span><\/div>\r\n\t\t\t\t\t\t\t\r\n\t\t\t\t\t\t\t\r\n\t\t\t\t\t\t<\/div>\r\n\t\t\t\t\t\t<div class=\"dp_pec_date \" data-dppec-date=\"2026-05-08\" >\r\n\t\t\t\t\t\t\t<div class=\"dp_date_head\"><span>8<\/span><\/div>\r\n\t\t\t\t\t\t\t\r\n\t\t\t\t\t\t\t\r\n\t\t\t\t\t\t<\/div>\r\n\t\t\t\t\t\t<div class=\"dp_pec_date \" data-dppec-date=\"2026-05-09\" >\r\n\t\t\t\t\t\t\t<div class=\"dp_date_head\"><span>9<\/span><\/div>\r\n\t\t\t\t\t\t\t\r\n\t\t\t\t\t\t\t\r\n\t\t\t\t\t\t<\/div>\r\n\t\t\t\t\t\t<div class=\"dp_pec_date first-child\" data-dppec-date=\"2026-05-10\" >\r\n\t\t\t\t\t\t\t<div class=\"dp_date_head\"><span>10<\/span><\/div>\r\n\t\t\t\t\t\t\t\r\n\t\t\t\t\t\t\t\r\n\t\t\t\t\t\t<\/div>\r\n\t\t\t\t\t\t<div class=\"dp_pec_date \" data-dppec-date=\"2026-05-11\" >\r\n\t\t\t\t\t\t\t<div class=\"dp_date_head\"><span>11<\/span><\/div>\r\n\t\t\t\t\t\t\t\r\n\t\t\t\t\t\t\t\r\n\t\t\t\t\t\t<\/div>\r\n\t\t\t\t\t\t<div class=\"dp_pec_date \" data-dppec-date=\"2026-05-12\" >\r\n\t\t\t\t\t\t\t<div class=\"dp_date_head\"><span>12<\/span><\/div>\r\n\t\t\t\t\t\t\t\r\n\t\t\t\t\t\t\t\r\n\t\t\t\t\t\t<\/div>\r\n\t\t\t\t\t\t<div class=\"dp_pec_date \" data-dppec-date=\"2026-05-13\" >\r\n\t\t\t\t\t\t\t<div class=\"dp_date_head\"><span>13<\/span><\/div>\r\n\t\t\t\t\t\t\t\r\n\t\t\t\t\t\t\t\r\n\t\t\t\t\t\t<\/div>\r\n\t\t\t\t\t\t<div class=\"dp_pec_date \" data-dppec-date=\"2026-05-14\" >\r\n\t\t\t\t\t\t\t<div class=\"dp_date_head\"><span>14<\/span><\/div>\r\n\t\t\t\t\t\t\t\r\n\t\t\t\t\t\t\t\r\n\t\t\t\t\t\t<\/div>\r\n\t\t\t\t\t\t<div class=\"dp_pec_date \" data-dppec-date=\"2026-05-15\" >\r\n\t\t\t\t\t\t\t<div class=\"dp_date_head\"><span>15<\/span><\/div>\r\n\t\t\t\t\t\t\t\r\n\t\t\t\t\t\t\t\r\n\t\t\t\t\t\t<\/div>\r\n\t\t\t\t\t\t<div class=\"dp_pec_date \" data-dppec-date=\"2026-05-16\" >\r\n\t\t\t\t\t\t\t<div class=\"dp_date_head\"><span>16<\/span><\/div>\r\n\t\t\t\t\t\t\t\r\n\t\t\t\t\t\t\t\r\n\t\t\t\t\t\t<\/div>\r\n\t\t\t\t\t\t<div class=\"dp_pec_date first-child\" data-dppec-date=\"2026-05-17\" >\r\n\t\t\t\t\t\t\t<div class=\"dp_date_head\"><span>17<\/span><\/div>\r\n\t\t\t\t\t\t\t\r\n\t\t\t\t\t\t\t\r\n\t\t\t\t\t\t<\/div>\r\n\t\t\t\t\t\t<div class=\"dp_pec_date \" data-dppec-date=\"2026-05-18\" >\r\n\t\t\t\t\t\t\t<div class=\"dp_date_head\"><span>18<\/span><\/div>\r\n\t\t\t\t\t\t\t\r\n\t\t\t\t\t\t\t\r\n\t\t\t\t\t\t<\/div>\r\n\t\t\t\t\t\t<div class=\"dp_pec_date \" data-dppec-date=\"2026-05-19\" >\r\n\t\t\t\t\t\t\t<div class=\"dp_date_head\"><span>19<\/span><\/div>\r\n\t\t\t\t\t\t\t\r\n\t\t\t\t\t\t\t\r\n\t\t\t\t\t\t<\/div>\r\n\t\t\t\t\t\t<div class=\"dp_pec_date \" data-dppec-date=\"2026-05-20\" >\r\n\t\t\t\t\t\t\t<div class=\"dp_date_head\"><span>20<\/span><\/div>\r\n\t\t\t\t\t\t\t\r\n\t\t\t\t\t\t\t\r\n\t\t\t\t\t\t<\/div>\r\n\t\t\t\t\t\t<div class=\"dp_pec_date \" data-dppec-date=\"2026-05-21\" >\r\n\t\t\t\t\t\t\t<div class=\"dp_date_head\"><span>21<\/span><\/div>\r\n\t\t\t\t\t\t\t\r\n\t\t\t\t\t\t\t\r\n\t\t\t\t\t\t<\/div>\r\n\t\t\t\t\t\t<div class=\"dp_pec_date \" data-dppec-date=\"2026-05-22\" >\r\n\t\t\t\t\t\t\t<div class=\"dp_date_head\"><span>22<\/span><\/div>\r\n\t\t\t\t\t\t\t\r\n\t\t\t\t\t\t\t\r\n\t\t\t\t\t\t<\/div>\r\n\t\t\t\t\t\t<div class=\"dp_pec_date \" data-dppec-date=\"2026-05-23\" >\r\n\t\t\t\t\t\t\t<div class=\"dp_date_head\"><span>23<\/span><\/div>\r\n\t\t\t\t\t\t\t\r\n\t\t\t\t\t\t\t\r\n\t\t\t\t\t\t<\/div>\r\n\t\t\t\t\t\t<div class=\"dp_pec_date first-child\" data-dppec-date=\"2026-05-24\" >\r\n\t\t\t\t\t\t\t<div class=\"dp_date_head\"><span>24<\/span><\/div>\r\n\t\t\t\t\t\t\t\r\n\t\t\t\t\t\t\t\r\n\t\t\t\t\t\t<\/div>\r\n\t\t\t\t\t\t<div class=\"dp_pec_date \" data-dppec-date=\"2026-05-25\" >\r\n\t\t\t\t\t\t\t<div class=\"dp_date_head\"><span>25<\/span><\/div>\r\n\t\t\t\t\t\t\t\r\n\t\t\t\t\t\t\t\r\n\t\t\t\t\t\t<\/div>\r\n\t\t\t\t\t\t<div class=\"dp_pec_date \" data-dppec-date=\"2026-05-26\" >\r\n\t\t\t\t\t\t\t<div class=\"dp_date_head\"><span>26<\/span><\/div>\r\n\t\t\t\t\t\t\t\r\n\t\t\t\t\t\t\t\r\n\t\t\t\t\t\t<\/div>\r\n\t\t\t\t\t\t<div class=\"dp_pec_date \" data-dppec-date=\"2026-05-27\" >\r\n\t\t\t\t\t\t\t<div class=\"dp_date_head\"><span>27<\/span><\/div>\r\n\t\t\t\t\t\t\t\r\n\t\t\t\t\t\t\t\r\n\t\t\t\t\t\t<\/div>\r\n\t\t\t\t\t\t<div class=\"dp_pec_date \" data-dppec-date=\"2026-05-28\" >\r\n\t\t\t\t\t\t\t<div class=\"dp_date_head\"><span>28<\/span><\/div>\r\n\t\t\t\t\t\t\t\r\n\t\t\t\t\t\t\t\r\n\t\t\t\t\t\t<\/div>\r\n\t\t\t\t\t\t<div class=\"dp_pec_date \" data-dppec-date=\"2026-05-29\" >\r\n\t\t\t\t\t\t\t<div class=\"dp_date_head\"><span>29<\/span><\/div>\r\n\t\t\t\t\t\t\t\r\n\t\t\t\t\t\t\t\r\n\t\t\t\t\t\t<\/div>\r\n\t\t\t\t\t\t<div class=\"dp_pec_date \" data-dppec-date=\"2026-05-30\" >\r\n\t\t\t\t\t\t\t<div class=\"dp_date_head\"><span>30<\/span><\/div>\r\n\t\t\t\t\t\t\t\r\n\t\t\t\t\t\t\t\r\n\t\t\t\t\t\t<\/div>\r\n\t\t\t\t\t\t<div class=\"dp_pec_date first-child\" data-dppec-date=\"2026-05-31\" >\r\n\t\t\t\t\t\t\t<div class=\"dp_date_head\"><span>31<\/span><\/div>\r\n\t\t\t\t\t\t\t\r\n\t\t\t\t\t\t\t\r\n\t\t\t\t\t\t<\/div>\r\n\t\t\t\t\t\t\t<div class=\"dp_pec_date disabled \">\r\n\t\t\t\t\t\t\t\t<div class=\"dp_date_head\"><span>1<\/span><\/div>\r\n\t\t\t\t\t\t\t<\/div>\r\n\t\t\t\t\t\t\t<div class=\"dp_pec_date disabled \">\r\n\t\t\t\t\t\t\t\t<div class=\"dp_date_head\"><span>2<\/span><\/div>\r\n\t\t\t\t\t\t\t<\/div>\r\n\t\t\t\t\t\t\t<div class=\"dp_pec_date disabled \">\r\n\t\t\t\t\t\t\t\t<div class=\"dp_date_head\"><span>3<\/span><\/div>\r\n\t\t\t\t\t\t\t<\/div>\r\n\t\t\t\t\t\t\t<div class=\"dp_pec_date disabled \">\r\n\t\t\t\t\t\t\t\t<div class=\"dp_date_head\"><span>4<\/span><\/div>\r\n\t\t\t\t\t\t\t<\/div>\r\n\t\t\t\t\t\t\t<div class=\"dp_pec_date disabled \">\r\n\t\t\t\t\t\t\t\t<div class=\"dp_date_head\"><span>5<\/span><\/div>\r\n\t\t\t\t\t\t\t<\/div>\r\n\t\t\t\t\t\t\t<div class=\"dp_pec_date disabled \">\r\n\t\t\t\t\t\t\t\t<div class=\"dp_date_head\"><span>6<\/span><\/div>\r\n\t\t\t\t\t\t\t<\/div><div class=\"clear\"><\/div>\r\n\t\t\t\t\t\t\t\t\r\n\t\t\t\t<\/div>\r\n\t\t\t<\/div><\/td>\n<\/tr>\n<\/tbody>\n<\/table>\n<div class=\"clear\"><\/div>\n<div id=\"pec_custom_shortcode_preview\"><\/div>\n<\/div>\n<\/div>\n<\/div>\n<\/div>\n<\/div>\n<\/div>\n<div class=\"dpProEventCalendar_ModalCalendar\"><\/div>\n<div class=\"clear\"><\/div>\n<\/div>\n<div class=\"clear\"><\/div>\n<\/div>\n<div class=\"clear\"><\/div>\n<\/div>\n<div id=\"wpfooter\"><\/div>\n","protected":false},"excerpt":{"rendered":"Il prossimo mese &raquo; &laquo; prev Mese gennaio febbraio marzo aprile maggio giugno luglio agosto settembre ottobre novembre dicembre 2024 2025 2026 2027 2028 2029 Giorno Successivo &raquo; &laquo; prev Giorno 17 Maggio 2026 Riferimenti x Data odierna Visualizza tutti gli eventi tutte le categorieFormazione Domenica Lunedi marted\u00ec mercoled\u00ec giovedi Venerd\u00ec Sabato 26 27 28 &hellip;","protected":false},"author":1,"featured_media":0,"parent":0,"menu_order":0,"comment_status":"closed","ping_status":"closed","template":"","meta":{"_uf_show_specific_survey":0,"_uf_disable_surveys":false},"_links":{"self":[{"href":"https:\/\/www.associazionesara.it\/index.php\/wp-json\/wp\/v2\/pages\/820"}],"collection":[{"href":"https:\/\/www.associazionesara.it\/index.php\/wp-json\/wp\/v2\/pages"}],"about":[{"href":"https:\/\/www.associazionesara.it\/index.php\/wp-json\/wp\/v2\/types\/page"}],"author":[{"embeddable":true,"href":"https:\/\/www.associazionesara.it\/index.php\/wp-json\/wp\/v2\/users\/1"}],"replies":[{"embeddable":true,"href":"https:\/\/www.associazionesara.it\/index.php\/wp-json\/wp\/v2\/comments?post=820"}],"version-history":[{"count":3,"href":"https:\/\/www.associazionesara.it\/index.php\/wp-json\/wp\/v2\/pages\/820\/revisions"}],"predecessor-version":[{"id":825,"href":"https:\/\/www.associazionesara.it\/index.php\/wp-json\/wp\/v2\/pages\/820\/revisions\/825"}],"wp:attachment":[{"href":"https:\/\/www.associazionesara.it\/index.php\/wp-json\/wp\/v2\/media?parent=820"}],"curies":[{"name":"wp","href":"https:\/\/api.w.org\/{rel}","templated":true}]}}